{"id":2,"date":"2021-12-01T13:54:50","date_gmt":"2021-12-01T11:54:50","guid":{"rendered":"http:\/\/testiosoite7.com\/?page_id=2"},"modified":"2025-03-11T23:50:21","modified_gmt":"2025-03-11T21:50:21","slug":"esimerkkisivu","status":"publish","type":"page","link":"https:\/\/www.suvikarhu.fi\/?page_id=2","title":{"rendered":"Esittely"},"content":{"rendered":"\n<blockquote class=\"wp-block-quote gutenify-section-7813de60-490b-11ee-9c4e-09a35ba0a8d7 is-layout-flow wp-block-quote-is-layout-flow gtfy-2\">\n<p class=\"gutenify-section-78131b10-490b-11ee-9c4e-09a35ba0a8d7 gtfy-1\">The problem with socialism is that you eventually run out of other peoples&#8217; money<\/p>\n<cite>Margaret Thatcher<\/cite><\/blockquote>\n\n\n\n<h2 class=\"wp-block-heading gutenify-section-78145390-490b-11ee-9c4e-09a35ba0a8d7 gtfy-5\">Perussuomalainen poliitikko<\/h2>\n\n\n\n<p class=\"gutenify-section-781516e0-490b-11ee-9c4e-09a35ba0a8d7 gtfy-8\">J\u00e4m\u00e4kk\u00e4 ja ahkera mimmi Vantaalta Korson Vierum\u00e4est\u00e4 on n\u00e4iden kotisivujen em\u00e4nt\u00e4. Olen Vantaan kaupunginvaltuutettu ja Vantaan ja Keravan hyvinvointialueen valtuutettu. Hyvinvointialueella toimin Perussuomalaisten valtuustoryhm\u00e4n puheenjohtajana sek\u00e4 aluehallituksen varaj\u00e4senen\u00e4. Vantaan kaupungilla olen my\u00f6s kaupunkiymp\u00e4rist\u00f6lautakunnan sek\u00e4 historiatoimikunnan j\u00e4sen. Aiemmin olin Espoon kunnallispolitiikassa vuosina 2013 &#8211; 2020 ja koko tuon ajan olin kaupunkisuunnittelulautakunnan j\u00e4sen sek\u00e4 vuosina 2015 &#8211; 2020 olin varavaltuutettu. Olen ollut my\u00f6s ehdolla eduskuntavaaleissa Uudenmaan vaalipiiriss\u00e4 2015, 2019 ja 2023.<\/p>\n\n\n\n<p class=\"gutenify-section-7815b320-490b-11ee-9c4e-09a35ba0a8d7 gtfy-11\">Olen muuttanut p\u00e4\u00e4kaupunkiseudulle joulukuussa 2008 Etel\u00e4-Karjalasta, ensin Vantaan Myyrm\u00e4keen, sittemmin Espoon puolella asuin Lepp\u00e4vaarassa ja Laaksolahdessa, kunnes palasin Vantaalle Korson alueelle. Juuriltani olen maaseudulta, maitotilan kasvatti. Pikkulapsena oman tilan lehm\u00e4nmaitoa juodessa samalla vedin sis\u00e4\u00e4ni arvostusta Suomeen ja suomalaiseen kulttuuriin ja ty\u00f6ntekoon. N\u00e4in lapsena konkreettisesti, miten ty\u00f6nteko tuo leiv\u00e4n p\u00f6yt\u00e4\u00e4n ja me lapset olimme aina vanhempiemme mukana auttamassa maatalon t\u00f6iss\u00e4. Perheemme ei ollut varakas ja muistan vanhempieni eron j\u00e4lkeen 10-vuotiaana jopa dyykanneeni roskiksesta pyykinkuivaustelineen. El\u00e4m\u00e4n nurjakin puoli on tuttua.<\/p>\n\n\n\n<p class=\"gutenify-section-78164f60-490b-11ee-9c4e-09a35ba0a8d7 gtfy-14\">Sittemmin peruskoulun j\u00e4lkeen siirryin Lappeenrannan ammattikouluun. Luin itselleni kolmessa vuodessa ravintolakokin paperit h\u00f6ystettyn\u00e4 kaksoistutkinnolla, eli yo-todistuksella. Kohdallani on ollut onni, &#8221;oman alan&#8221; eli ravintola-alan t\u00f6it\u00e4 on aina jostain l\u00f6ytynyt, vaikka sitten p\u00e4tk\u00e4ty\u00f6t\u00e4 tai useita eri osa-aikaisia ty\u00f6suhteita p\u00e4\u00e4llekk\u00e4in. Olen tehnyt kaikenn\u00e4k\u00f6ist\u00e4 ravintola-alan ty\u00f6t\u00e4 tiskaajasta ravintolap\u00e4\u00e4llikk\u00f6\u00f6n ja a&#8217;la carte kokista baaritarjoilijaan. Ravintola-ala j\u00e4i kuitenkin ainakin toistaiseksi taakse vuoden 2012 lopussa, kun toimin ensin vuosina 2013 &#8211; 2015 Perussuomalaisten Nuorten p\u00e4\u00e4sihteerin\u00e4 ja t\u00e4m\u00e4n j\u00e4lkeen ty\u00f6skentelin useita vuosia Perussuomalaisten puoluetoimistolla j\u00e4senasiavastaavana. T\u00e4ll\u00e4 hetkell\u00e4 olen t\u00f6iss\u00e4 toimistop\u00e4\u00e4llikk\u00f6n\u00e4 raskaan kaluston varaosia ja tarvikkeita maahantuovassa ja myyv\u00e4ss\u00e4 yrityksess\u00e4. Luonteeltani en ole koskaan ollut koulussa istuja, vaan olen aina tyk\u00e4nnyt tehd\u00e4 oikeaa k\u00e4sin kosketeltavaa ty\u00f6t\u00e4. Itseopiskelu on kuitenkin t\u00e4rke\u00e4 osa el\u00e4m\u00e4\u00e4ni. Mik\u00e4\u00e4n p\u00e4iv\u00e4 ei ole heitetty hukkaan, jos voi oppia jotain uutta.<\/p>\n\n\n\n<p class=\"gutenify-section-781712b0-490b-11ee-9c4e-09a35ba0a8d7 gtfy-17\">Ty\u00f6el\u00e4m\u00e4\u00e4n siirrytty\u00e4ni aloin kiinnostumaan politiikasta ja yhteiskunnallisista asioista. Ty\u00f6toverini ovatkin usein joutuneet kuuntelemaan palopuheitani politiikasta ja mielipiteist\u00e4ni. Puolue oli vuosikausia selvill\u00e4, mutta vasta 2010 liityin nuorisoj\u00e4rjest\u00f6\u00f6n ja alkuvuodesta 2011 puolueeseen. Haluan todella tehd\u00e4 t\u00f6it\u00e4 paremman Suomen eteen.<\/p>\n\n\n\n<h2 class=\"wp-block-heading gutenify-section-781787e0-490b-11ee-9c4e-09a35ba0a8d7 gtfy-20\">Vapaa-aika ja harrastukset<\/h2>\n\n\n\n<p class=\"gutenify-section-78182420-490b-11ee-9c4e-09a35ba0a8d7 gtfy-23\">Vapaa-aikanani harrastan mm. moottoripy\u00f6r\u00e4ily\u00e4, myrskybongausta, valokuvausta, puutarhat\u00f6it\u00e4, geok\u00e4tk\u00f6ily\u00e4, matkailua ja k\u00e4sit\u00f6it\u00e4.<\/p>\n\n\n<div class=\"wp-block-image gutenify-section-78195ca0-490b-11ee-9c4e-09a35ba0a8d7\">\n<figure class=\"alignleft size-large is-resized gtfy-26\"><img loading=\"lazy\" decoding=\"async\" width=\"1024\" height=\"1024\" src=\"https:\/\/www.suvikarhu.fi\/wp-content\/uploads\/2022\/10\/DSC_3965_DxO-1024x1024.jpg\" alt=\"\" class=\"wp-image-91\" style=\"width:380px;height:380px\" srcset=\"https:\/\/www.suvikarhu.fi\/wp-content\/uploads\/2022\/10\/DSC_3965_DxO-1024x1024.jpg 1024w, https:\/\/www.suvikarhu.fi\/wp-content\/uploads\/2022\/10\/DSC_3965_DxO-300x300.jpg 300w, https:\/\/www.suvikarhu.fi\/wp-content\/uploads\/2022\/10\/DSC_3965_DxO-150x150.jpg 150w, https:\/\/www.suvikarhu.fi\/wp-content\/uploads\/2022\/10\/DSC_3965_DxO-768x768.jpg 768w, https:\/\/www.suvikarhu.fi\/wp-content\/uploads\/2022\/10\/DSC_3965_DxO-1536x1536.jpg 1536w, https:\/\/www.suvikarhu.fi\/wp-content\/uploads\/2022\/10\/DSC_3965_DxO-2048x2048.jpg 2048w, https:\/\/www.suvikarhu.fi\/wp-content\/uploads\/2022\/10\/DSC_3965_DxO-800x800.jpg 800w\" sizes=\"auto, (max-width: 1024px) 100vw, 1024px\" \/><\/figure>\n<\/div>\n\n\n<p class=\"gutenify-section-7819d1d0-490b-11ee-9c4e-09a35ba0a8d7 gtfy-29\">Parkkiruudussani on t\u00e4ll\u00e4 hetkell\u00e4 Kawasaki ER-6f, aiemmin sielt\u00e4 on l\u00f6ytynyt Honda CBR600f ja Kawasaki ER-6n. A-kortin hankin syyskuussa 2011, ajokaudessa kilometrej\u00e4 kertyy n. 3000 &#8211; 12000 km. Ajan vaihtelevasti niin pidemp\u00e4\u00e4 matkaa, huvikseni mutkateit\u00e4, kuin p\u00e4ivitt\u00e4isi\u00e4 arkiajoja. Olen k\u00e4ynyt my\u00f6s muutaman kerran radalla. Olen Motorg ry:n j\u00e4sen ja osallistun muutamia kertoja vuodessa yhdistyksen tapahtumiin. Onpahan moottoripy\u00f6r\u00e4ll\u00e4 tullut k\u00e4yty\u00e4 ajamassa my\u00f6s Euroopassa.<\/p>\n\n\n\n<p class=\"gutenify-section-781a6e10-490b-11ee-9c4e-09a35ba0a8d7 gtfy-32\">Myrskyt ja meteorologia sek\u00e4 muut luonnonilmi\u00f6t ovat kiehtoneet mielt\u00e4ni jo pikkutyt\u00f6st\u00e4 saakka. Tosin meni pitk\u00e4lle aikuisi\u00e4lle saakka, ennenkuin opin olla pelk\u00e4\u00e4m\u00e4tt\u00e4 ukonilmaa. Nyky\u00e4\u00e4n ukkoset ja rajuilmat vieh\u00e4tt\u00e4v\u00e4t valtavasti ja kes\u00e4isin k\u00e4yn muutamilla myrskybongausmatkoilla, yksin tai porukassa. Olen Ursan j\u00e4sen ja Ursan myrskybongausjaoston &#8221;rivij\u00e4sen&#8221;.<\/p>\n\n\n\n<p class=\"gutenify-section-781ae340-490b-11ee-9c4e-09a35ba0a8d7 gtfy-35\">Matkailu avartaa, sanotaan. Olen kiinnostunut erilaisista kulttuureista, tavoista ja tottumuksista ja arvostan ja kunnioitan kulttuurien erilaisuutta. Miten tyls\u00e4 paikka maapallo olisikaan, jos olisimme kaikki yht\u00e4 samanlaista sekoittunutta soppaa! Olen k\u00e4ynyt mm. kaikissa pohjoismaissa, Dominikaanisessa tasavallassa, Meksikossa, Nepalissa, Englannissa, Kiinassa, USA:ssa, Thaimaassa, Kroatiassa, Bosnia &amp; Herzegovinassa, Etiopiassa, Kreikassa, Sloveniassa, Puolassa ja Baltian maissa. Olen 18-vuotiaana asunut lyhyen aikaa Espanjassa. Opettelen itsekseni matkustamisen innoittamana sek\u00e4 espanjaa ett\u00e4 kroaattia. Ja lentokoneissa on mielest\u00e4ni jotain sanoinkuvaamattoman kiehtovaa.<\/p>\n\n\n\n<h1 class=\"wp-block-heading gutenify-section-781b7f80-490b-11ee-9c4e-09a35ba0a8d7 gtfy-38\">Ansioluettelo<\/h1>\n\n\n\n<p class=\"gutenify-section-781bf4b0-490b-11ee-9c4e-09a35ba0a8d7 gtfy-41\">Suvi Tuulia Timontyt\u00e4r Karhu<br>Syntynyt 1985 Taipalsaarella<\/p>\n\n\n\n<h2 class=\"wp-block-heading gutenify-section-781c69e0-490b-11ee-9c4e-09a35ba0a8d7 gtfy-44\">Koulutus<\/h2>\n\n\n\n<p class=\"gutenify-section-781cb800-490b-11ee-9c4e-09a35ba0a8d7 gtfy-47\">Lauritsalan aikuislukio, ylioppilas, 2004, arvosanalla C<br>Lappeenrannan ammattikoulu, ravintolakokki, 2004, keskiarvo hyv\u00e4 4<br>Peruskoulun p\u00e4\u00e4tt\u00f6todistus, Armilan yl\u00e4aste Lappeenranta, 2001, keskiarvo 8,4<\/p>\n\n\n\n<h2 class=\"wp-block-heading gutenify-section-781d7b50-490b-11ee-9c4e-09a35ba0a8d7 gtfy-50\">Kielitaito<\/h2>\n\n\n\n<p class=\"gutenify-section-781dc970-490b-11ee-9c4e-09a35ba0a8d7 gtfy-53\">suomi, \u00e4idinkieli<br>englanti, erinomainen<br>ruotsi, v\u00e4ltt\u00e4v\u00e4<br>saksa, alkeet<br>espanja, alkeet<br>kroaatti, alkeet<\/p>\n\n\n\n<h2 class=\"wp-block-heading gutenify-section-781e3ea0-490b-11ee-9c4e-09a35ba0a8d7 gtfy-56\">Ty\u00f6kokemus<\/h2>\n\n\n\n<p class=\"gutenify-section-781eb3d0-490b-11ee-9c4e-09a35ba0a8d7 gtfy-59\">Toimistop\u00e4\u00e4llikk\u00f6 2023 -&gt;<br>J\u00e4senasiavastaava 2016 &#8211; 2023<br>P\u00e4\u00e4sihteeri 2013 &#8211; 2015<br>Ravintolap\u00e4\u00e4llikk\u00f6, 2010 &#8211; 2012<br>Vuorop\u00e4\u00e4llikk\u00f6, 2009 &#8211; 2010<br>Erilaisia ravintola-alan ty\u00f6teht\u00e4vi\u00e4 keitti\u00f6apulaisesta l\u00e4htien vuodesta 2001<\/p>\n\n\n\n<h2 class=\"wp-block-heading gutenify-section-781f2900-490b-11ee-9c4e-09a35ba0a8d7 gtfy-62\">Nykyiset luottamustoimet<\/h2>\n\n\n\n<p class=\"gutenify-section-781f7720-490b-11ee-9c4e-09a35ba0a8d7 gtfy-65\">Vantaan ja Keravan hyvinvointialueen valtuutettu 2022 -&gt;<br>Hyvinvointialueen Perussuomalaisten valtuustoryhm\u00e4n puheenjohtaja 2022 -&gt;<br>Vantaan ja Keravan hyvinvointialueen aluehallituksen varaj\u00e4sen 2022 -&gt;<\/p>\n\n\n\n<p class=\"gutenify-section-781f7720-490b-11ee-9c4e-09a35ba0a8d7 gtfy-68\"><br>Vantaan kaupunginvaltuutettu 2021 -&gt;<br>Elinvoima- ja ty\u00f6llisyysjaoston j\u00e4sen 2025 -&gt;<br>VAV:n yhtym\u00e4hallituksen j\u00e4sen 2024 -&gt;<br>Vantaan kaupunkiymp\u00e4rist\u00f6lautakunnan j\u00e4sen 2021 -&gt;<br>Vantaan historiatoimikunnan j\u00e4sen 2021 -&gt;<\/p>\n\n\n\n<p class=\"gutenify-section-781f7720-490b-11ee-9c4e-09a35ba0a8d7 gtfy-71\"><br>Demo ry, hallituksen j\u00e4sen 2016 -&gt;<\/p>\n\n\n\n<h3 class=\"wp-block-heading gutenify-section-78203a70-490b-11ee-9c4e-09a35ba0a8d7 gtfy-74\">Aiemmat luottamustoimet<\/h3>\n\n\n\n<p class=\"gutenify-section-a953c9d0-325e-11ef-9b00-2376081610a9 gtfy-77\"><\/p>\n\n\n\n<p class=\"gutenify-section-7820afa0-490b-11ee-9c4e-09a35ba0a8d7 gtfy-80\">Valtion liikuntaneuvoston varaj\u00e4sen 2019 &#8211; 2023<br>Perussuomalaiset r.p.:n puoluevaltuuston j\u00e4sen 2019 &#8211; 2021<br>Perussuomalaisten Uudenmaan piirin hallituksen j\u00e4sen 2018 &#8211; 2020<br>Espoon kaupunki, Kaupunkisuunnittelulautakunnan varsinainen j\u00e4sen 2013 &#8211; 2020<br>Espoon kaupunginvaltuuston varavaltuutettu 2015 &#8211; 2020<br>Espoon Perussuomalaiset ry, puheenjohtaja 2017 &#8211; 2020<br>Espoon K\u00e4r\u00e4j\u00e4oikeus, lautamies 2013 &#8211; 2017<br>Espoon Perussuomalaiset ry, hallituksen j\u00e4sen 2012 &#8211; 2015 ja 2017<br>Perussuomalaiset Nuoret ry, p\u00e4\u00e4sihteeri 2013 &#8211; 2015<br>Maanpuolustustiedotuksen suunnittelukunta, varaj\u00e4sen 2013 &#8211; 2015<br>Espoon Perussuomalaiset ry, taloudenhoitaja 2014 &#8211; 2015<br>Espoon Perussuomalaiset ry, 2. varapuheenjohtaja 2014<br>Uudenmaan Perussuomalaiset Nuoret ry, puheenjohtaja 2012 ja 2016 &#8211; 2018<br>Uudenmaan Perussuomalaiset Nuoret ry, hallituksen varaj\u00e4sen ja taloudenhoitaja 2013 &#8211; 2015<br>Uudenmaan Perussuomalaiset ry, hallituksen varaj\u00e4sen 2013 &#8211; 2014<br>Suomen Sisu ry, kirjuri 2013 &#8211; 2014<\/p>\n","protected":false},"excerpt":{"rendered":"<p>The problem with socialism is that you eventually run out of other peoples&#8217; money Margaret Thatcher Perussuomalainen poliitikko J\u00e4m\u00e4kk\u00e4 ja ahkera mimmi Vantaalta Korson Vierum\u00e4est\u00e4 on n\u00e4iden kotisivujen em\u00e4nt\u00e4. Olen Vantaan kaupunginvaltuutettu ja Vantaan ja Keravan hyvinvointialueen valtuutettu. Hyvinvointialueella toimin Perussuomalaisten valtuustoryhm\u00e4n<\/p>\n<p><a class=\"more-link\" href=\"https:\/\/www.suvikarhu.fi\/?page_id=2\">Read More<\/a><\/p>\n","protected":false},"author":1,"featured_media":0,"parent":0,"menu_order":0,"comment_status":"closed","ping_status":"open","template":"","meta":{"footnotes":""},"class_list":["post-2","page","type-page","status-publish","hentry"],"featured_image":{"thumbnail":false,"medium":false,"medium_large":false,"large":false},"_links":{"self":[{"href":"https:\/\/www.suvikarhu.fi\/index.php?rest_route=\/wp\/v2\/pages\/2","targetHints":{"allow":["GET"]}}],"collection":[{"href":"https:\/\/www.suvikarhu.fi\/index.php?rest_route=\/wp\/v2\/pages"}],"about":[{"href":"https:\/\/www.suvikarhu.fi\/index.php?rest_route=\/wp\/v2\/types\/page"}],"author":[{"embeddable":true,"href":"https:\/\/www.suvikarhu.fi\/index.php?rest_route=\/wp\/v2\/users\/1"}],"replies":[{"embeddable":true,"href":"https:\/\/www.suvikarhu.fi\/index.php?rest_route=%2Fwp%2Fv2%2Fcomments&post=2"}],"version-history":[{"count":18,"href":"https:\/\/www.suvikarhu.fi\/index.php?rest_route=\/wp\/v2\/pages\/2\/revisions"}],"predecessor-version":[{"id":320,"href":"https:\/\/www.suvikarhu.fi\/index.php?rest_route=\/wp\/v2\/pages\/2\/revisions\/320"}],"wp:attachment":[{"href":"https:\/\/www.suvikarhu.fi\/index.php?rest_route=%2Fwp%2Fv2%2Fmedia&parent=2"}],"curies":[{"name":"wp","href":"https:\/\/api.w.org\/{rel}","templated":true}]}}